{"id":16006,"date":"2023-10-29T18:13:22","date_gmt":"2023-10-29T18:13:22","guid":{"rendered":"https:\/\/www.cccraarchitecture.com\/nuestro-metodo\/"},"modified":"2024-03-20T15:18:02","modified_gmt":"2024-03-20T15:18:02","slug":"nuestro-metodo","status":"publish","type":"page","link":"https:\/\/www.cccraarchitecture.com\/es\/nuestro-metodo\/","title":{"rendered":"Nuestro m\u00e9todo"},"content":{"rendered":"\t\t<div data-elementor-type=\"wp-page\" data-elementor-id=\"16006\" class=\"elementor elementor-16006 elementor-13924\">\n\t\t\t\t\t\t<section class=\"elementor-section elementor-top-section elementor-element elementor-element-54f9807 elementor-section-full_width elementor-section-stretched elementor-section-height-full elementor-section-height-default elementor-section-items-middle qodef-elementor-content-no\" data-id=\"54f9807\" data-element_type=\"section\" data-settings=\"{&quot;stretch_section&quot;:&quot;section-stretched&quot;,&quot;background_background&quot;:&quot;classic&quot;}\">\n\t\t\t\t\t\t\t<div class=\"elementor-background-overlay\"><\/div>\n\t\t\t\t\t\t\t<div class=\"elementor-container elementor-column-gap-default\">\n\t\t\t\t\t<div class=\"elementor-column elementor-col-100 elementor-top-column elementor-element elementor-element-8d059fe\" data-id=\"8d059fe\" data-element_type=\"column\">\n\t\t\t<div class=\"elementor-widget-wrap elementor-element-populated\">\n\t\t\t\t\t\t<section class=\"elementor-section elementor-inner-section elementor-element elementor-element-9e38a96 elementor-section-boxed elementor-section-height-default elementor-section-height-default qodef-elementor-content-no\" data-id=\"9e38a96\" data-element_type=\"section\">\n\t\t\t\t\t\t<div class=\"elementor-container elementor-column-gap-default\">\n\t\t\t\t\t<div class=\"elementor-column elementor-col-50 elementor-inner-column elementor-element elementor-element-ade563e\" data-id=\"ade563e\" data-element_type=\"column\">\n\t\t\t<div class=\"elementor-widget-wrap elementor-element-populated\">\n\t\t\t\t\t\t<div class=\"elementor-element elementor-element-43c9de7 elementor-widget elementor-widget-heading\" data-id=\"43c9de7\" data-element_type=\"widget\" data-widget_type=\"heading.default\">\n\t\t\t\t<div class=\"elementor-widget-container\">\n\t\t\t<style>\/*! elementor - v3.19.0 - 07-02-2024 *\/\n.elementor-heading-title{padding:0;margin:0;line-height:1}.elementor-widget-heading .elementor-heading-title[class*=elementor-size-]>a{color:inherit;font-size:inherit;line-height:inherit}.elementor-widget-heading .elementor-heading-title.elementor-size-small{font-size:15px}.elementor-widget-heading .elementor-heading-title.elementor-size-medium{font-size:19px}.elementor-widget-heading .elementor-heading-title.elementor-size-large{font-size:29px}.elementor-widget-heading .elementor-heading-title.elementor-size-xl{font-size:39px}.elementor-widget-heading .elementor-heading-title.elementor-size-xxl{font-size:59px}<\/style><h1 class=\"elementor-heading-title elementor-size-default\">NUESTRO<br>\nM\u00c9TODO<\/h1>\t\t<\/div>\n\t\t\t\t<\/div>\n\t\t\t\t<div class=\"elementor-element elementor-element-4b8b824 elementor-widget elementor-widget-text-editor\" data-id=\"4b8b824\" data-element_type=\"widget\" data-widget_type=\"text-editor.default\">\n\t\t\t\t<div class=\"elementor-widget-container\">\n\t\t\t<style>\/*! elementor - v3.19.0 - 07-02-2024 *\/\n.elementor-widget-text-editor.elementor-drop-cap-view-stacked .elementor-drop-cap{background-color:#69727d;color:#fff}.elementor-widget-text-editor.elementor-drop-cap-view-framed .elementor-drop-cap{color:#69727d;border:3px solid;background-color:transparent}.elementor-widget-text-editor:not(.elementor-drop-cap-view-default) .elementor-drop-cap{margin-top:8px}.elementor-widget-text-editor:not(.elementor-drop-cap-view-default) .elementor-drop-cap-letter{width:1em;height:1em}.elementor-widget-text-editor .elementor-drop-cap{float:left;text-align:center;line-height:1;font-size:50px}.elementor-widget-text-editor .elementor-drop-cap-letter{display:inline-block}<\/style>\t\t\t\t<p>Dise\u00f1o a medida.  <br \/>Proceso \u00fanico.<\/p>\n\t\t\t\t\t\t<\/div>\n\t\t\t\t<\/div>\n\t\t\t\t\t<\/div>\n\t\t<\/div>\n\t\t\t\t<div class=\"elementor-column elementor-col-50 elementor-inner-column elementor-element elementor-element-c7a1fac\" data-id=\"c7a1fac\" data-element_type=\"column\">\n\t\t\t<div class=\"elementor-widget-wrap\">\n\t\t\t\t\t\t\t<\/div>\n\t\t<\/div>\n\t\t\t\t\t<\/div>\n\t\t<\/section>\n\t\t\t\t\t<\/div>\n\t\t<\/div>\n\t\t\t\t\t<\/div>\n\t\t<\/section>\n\t\t\t\t<section class=\"elementor-section elementor-top-section elementor-element elementor-element-497ae5c elementor-section-full_width elementor-section-stretched elementor-section-height-default elementor-section-height-default qodef-elementor-content-no\" data-id=\"497ae5c\" data-element_type=\"section\" data-settings=\"{&quot;stretch_section&quot;:&quot;section-stretched&quot;}\">\n\t\t\t\t\t\t<div class=\"elementor-container elementor-column-gap-default\">\n\t\t\t\t\t<div class=\"elementor-column elementor-col-100 elementor-top-column elementor-element elementor-element-d4e1cf7\" data-id=\"d4e1cf7\" data-element_type=\"column\">\n\t\t\t<div class=\"elementor-widget-wrap elementor-element-populated\">\n\t\t\t\t\t\t<section class=\"elementor-section elementor-inner-section elementor-element elementor-element-04b4d1e elementor-section-boxed elementor-section-height-default elementor-section-height-default qodef-elementor-content-no\" data-id=\"04b4d1e\" data-element_type=\"section\">\n\t\t\t\t\t\t<div class=\"elementor-container elementor-column-gap-default\">\n\t\t\t\t\t<div class=\"elementor-column elementor-col-50 elementor-inner-column elementor-element elementor-element-2ef095f\" data-id=\"2ef095f\" data-element_type=\"column\">\n\t\t\t<div class=\"elementor-widget-wrap elementor-element-populated\">\n\t\t\t\t\t\t<div class=\"elementor-element elementor-element-edb4fa2 elementor-widget elementor-widget-text-editor\" data-id=\"edb4fa2\" data-element_type=\"widget\" data-widget_type=\"text-editor.default\">\n\t\t\t\t<div class=\"elementor-widget-container\">\n\t\t\t\t\t\t\t<p>Dise\u00f1ar algo \u00fanico y extraordinario no puede basarse en ideas preconcebidas, ni en modas o tendencias que nos limitan. Los espacios se convierten en imposturas artificiales carentes de identidad y significado.<\/p>\n\t\t\t\t\t\t<\/div>\n\t\t\t\t<\/div>\n\t\t\t\t<div class=\"elementor-element elementor-element-7725151 elementor-widget elementor-widget-text-editor\" data-id=\"7725151\" data-element_type=\"widget\" data-widget_type=\"text-editor.default\">\n\t\t\t\t<div class=\"elementor-widget-container\">\n\t\t\t\t\t\t\t<p>Deber\u00eda ser al rev\u00e9s, y as\u00ed es como trabajamos.<br \/>Cada lugar y cada proyecto son \u00fanicos y tienen sus singularidades, al igual que nuestros clientes; cada uno con motivaciones y deseos diferentes, por eso un proyecto nunca puede ser igual a otro. Evitamos las ideas preconcebidas. Tenemos que conocer y exprimir al m\u00e1ximo lo que hace que nuestros proyectos sean \u00fanicos y diferentes para crear dise\u00f1os realmente excepcionales y totalmente personalizados, acordes con su identidad y el lugar al que pertenecen.<\/p>\n\t\t\t\t\t\t<\/div>\n\t\t\t\t<\/div>\n\t\t\t\t\t<\/div>\n\t\t<\/div>\n\t\t\t\t<div class=\"elementor-column elementor-col-50 elementor-inner-column elementor-element elementor-element-a6d2e14\" data-id=\"a6d2e14\" data-element_type=\"column\">\n\t\t\t<div class=\"elementor-widget-wrap elementor-element-populated\">\n\t\t\t\t\t\t<div class=\"elementor-element elementor-element-7090f26 method-accordion elementor-widget elementor-widget-archicon_core_accordion\" data-id=\"7090f26\" data-element_type=\"widget\" data-widget_type=\"archicon_core_accordion.default\">\n\t\t\t\t<div class=\"elementor-widget-container\">\n\t\t\t<div class=\"qodef-shortcode qodef-m  qodef-accordion clear qodef-behavior--accordion qodef-layout--simple \">\n\t<h3 class=\"qodef-accordion-title\">\n\t<span class=\"qodef-accordion-number\"><\/span>\n\t<span class=\"qodef-tab-title\">Dise\u00f1o individual<\/span>\n\t<span class=\"qodef-accordion-mark\">\n\t\t<svg class=\"qodef-svg--accordion-arrow\" xmlns=\"http:\/\/www.w3.org\/2000\/svg\" width=\"10.94\" height=\"13.423\" viewBox=\"0 0 10.94 13.423\"><path d=\"M5.516 0v12.51\"\/><path d=\"M10.586 7.6 5.47 12.716.354 7.6\"\/><\/svg>\t<\/span>\n<\/h3>\n<div class=\"qodef-accordion-content\">\n\t<div class=\"qodef-accordion-content-inner\">\n\t\t<p>Escuchamos a nuestros clientes y compartimos sus sue\u00f1os. Los hacemos realidad a trav\u00e9s de un proceso de dise\u00f1o innovador y creativo. Este nos sirve de gu\u00eda para establecer la generaci\u00f3n de los espacios, la b\u00fasqueda de detalles \u00fanicos y la selecci\u00f3n de los materiales que elevan el dise\u00f1o a algo extraordinario.<\/p>\t<\/div>\n<\/div>\n<h3 class=\"qodef-accordion-title\">\n\t<span class=\"qodef-accordion-number\"><\/span>\n\t<span class=\"qodef-tab-title\">Caracter\u00edsticas \u00fanicas<\/span>\n\t<span class=\"qodef-accordion-mark\">\n\t\t<svg class=\"qodef-svg--accordion-arrow\" xmlns=\"http:\/\/www.w3.org\/2000\/svg\" width=\"10.94\" height=\"13.423\" viewBox=\"0 0 10.94 13.423\"><path d=\"M5.516 0v12.51\"\/><path d=\"M10.586 7.6 5.47 12.716.354 7.6\"\/><\/svg>\t<\/span>\n<\/h3>\n<div class=\"qodef-accordion-content\">\n\t<div class=\"qodef-accordion-content-inner\">\n\t\t<p>Nuestros proyectos buscan diferenciarse mediante caracter\u00edsticas \u00fanicas e individuales capaces de crear y transmitir experiencias que los hagan inolvidables, llevando el concepto del dise\u00f1o a otro nivel.<\/p>\t<\/div>\n<\/div>\n<h3 class=\"qodef-accordion-title\">\n\t<span class=\"qodef-accordion-number\"><\/span>\n\t<span class=\"qodef-tab-title\">Funcionalidad especializada<\/span>\n\t<span class=\"qodef-accordion-mark\">\n\t\t<svg class=\"qodef-svg--accordion-arrow\" xmlns=\"http:\/\/www.w3.org\/2000\/svg\" width=\"10.94\" height=\"13.423\" viewBox=\"0 0 10.94 13.423\"><path d=\"M5.516 0v12.51\"\/><path d=\"M10.586 7.6 5.47 12.716.354 7.6\"\/><\/svg>\t<\/span>\n<\/h3>\n<div class=\"qodef-accordion-content\">\n\t<div class=\"qodef-accordion-content-inner\">\n\t\t<p>Los dise\u00f1os singulares surgen de programas y necesidades complejas que deben cumplir con los objetivos de nuestros clientes. Integrar y optimizar el dise\u00f1o mediante una funcionalidad especializada y totalmente personalizada mejora la eficiencia del espacio y enriquece el prop\u00f3sito de cada uno de nuestros proyectos.<\/p>\t<\/div>\n<\/div>\n<h3 class=\"qodef-accordion-title\">\n\t<span class=\"qodef-accordion-number\"><\/span>\n\t<span class=\"qodef-tab-title\">Impacto cultural y social<\/span>\n\t<span class=\"qodef-accordion-mark\">\n\t\t<svg class=\"qodef-svg--accordion-arrow\" xmlns=\"http:\/\/www.w3.org\/2000\/svg\" width=\"10.94\" height=\"13.423\" viewBox=\"0 0 10.94 13.423\"><path d=\"M5.516 0v12.51\"\/><path d=\"M10.586 7.6 5.47 12.716.354 7.6\"\/><\/svg>\t<\/span>\n<\/h3>\n<div class=\"qodef-accordion-content\">\n\t<div class=\"qodef-accordion-content-inner\">\n\t\t<p>Nuestros proyectos est\u00e1n dise\u00f1ados para convivir con el entorno, con su legado cultural y social. Creamos dise\u00f1os que forman parte de la ciudad, se convierten en un s\u00edmbolo, revitalizan el entorno y promueven el turismo.<\/p>\t<\/div>\n<\/div>\n<h3 class=\"qodef-accordion-title\">\n\t<span class=\"qodef-accordion-number\"><\/span>\n\t<span class=\"qodef-tab-title\">Proceso colaborativo<\/span>\n\t<span class=\"qodef-accordion-mark\">\n\t\t<svg class=\"qodef-svg--accordion-arrow\" xmlns=\"http:\/\/www.w3.org\/2000\/svg\" width=\"10.94\" height=\"13.423\" viewBox=\"0 0 10.94 13.423\"><path d=\"M5.516 0v12.51\"\/><path d=\"M10.586 7.6 5.47 12.716.354 7.6\"\/><\/svg>\t<\/span>\n<\/h3>\n<div class=\"qodef-accordion-content\">\n\t<div class=\"qodef-accordion-content-inner\">\n\t\t<p>Los mejores proyectos surgen de las mejores mentes. Nuestros proyectos se desarrollan mediante un proceso colaborativo no solo del dise\u00f1o arquitect\u00f3nico, sino de la coordinaci\u00f3n y colaboraci\u00f3n con especialistas multidisciplinares que aportan su conocimiento en cada sector para crear un dise\u00f1o excepcional y coherente.<\/p>\t<\/div>\n<\/div>\n<\/div>\n\t\t<\/div>\n\t\t\t\t<\/div>\n\t\t\t\t\t<\/div>\n\t\t<\/div>\n\t\t\t\t\t<\/div>\n\t\t<\/section>\n\t\t\t\t\t<\/div>\n\t\t<\/div>\n\t\t\t\t\t<\/div>\n\t\t<\/section>\n\t\t\t\t<section class=\"elementor-section elementor-top-section elementor-element elementor-element-4329c15 elementor-section-full_width elementor-section-stretched elementor-section-height-default elementor-section-height-default qodef-elementor-content-no\" data-id=\"4329c15\" data-element_type=\"section\" data-settings=\"{&quot;stretch_section&quot;:&quot;section-stretched&quot;}\">\n\t\t\t\t\t\t<div class=\"elementor-container elementor-column-gap-default\">\n\t\t\t\t\t<div class=\"elementor-column elementor-col-100 elementor-top-column elementor-element elementor-element-2ed7f7e\" data-id=\"2ed7f7e\" data-element_type=\"column\">\n\t\t\t<div class=\"elementor-widget-wrap elementor-element-populated\">\n\t\t\t\t\t\t<div class=\"elementor-element elementor-element-1e1a180 elementor-pagination-position-outside elementor-widget elementor-widget-image-carousel\" data-id=\"1e1a180\" data-element_type=\"widget\" id=\"method-carousel-image\" data-settings=\"{&quot;slides_to_show&quot;:&quot;1&quot;,&quot;navigation&quot;:&quot;dots&quot;,&quot;autoplay_speed&quot;:2500,&quot;autoplay&quot;:&quot;yes&quot;,&quot;pause_on_hover&quot;:&quot;yes&quot;,&quot;pause_on_interaction&quot;:&quot;yes&quot;,&quot;infinite&quot;:&quot;yes&quot;,&quot;effect&quot;:&quot;slide&quot;,&quot;speed&quot;:500}\" data-widget_type=\"image-carousel.default\">\n\t\t\t\t<div class=\"elementor-widget-container\">\n\t\t\t<style>\/*! elementor - v3.19.0 - 07-02-2024 *\/\n.elementor-widget-image-carousel .swiper,.elementor-widget-image-carousel .swiper-container{position:static}.elementor-widget-image-carousel .swiper-container .swiper-slide figure,.elementor-widget-image-carousel .swiper .swiper-slide figure{line-height:inherit}.elementor-widget-image-carousel .swiper-slide{text-align:center}.elementor-image-carousel-wrapper:not(.swiper-container-initialized):not(.swiper-initialized) .swiper-slide{max-width:calc(100% \/ var(--e-image-carousel-slides-to-show, 3))}<\/style>\t\t<div class=\"elementor-image-carousel-wrapper swiper\" dir=\"ltr\">\n\t\t\t<div class=\"elementor-image-carousel swiper-wrapper swiper-image-stretch\" aria-live=\"off\">\n\t\t\t\t\t\t\t\t<div class=\"swiper-slide\" role=\"group\" aria-roledescription=\"slide\" aria-label=\"1 de 12\"><figure class=\"swiper-slide-inner\"><img decoding=\"async\" class=\"swiper-slide-image\" src=\"https:\/\/www.cccraarchitecture.com\/wp-content\/uploads\/2024\/03\/PASITO-LUX-scaled-1.jpg\" alt=\"PASITO-LUX-scaled.jpg\" \/><\/figure><\/div><div class=\"swiper-slide\" role=\"group\" aria-roledescription=\"slide\" aria-label=\"2 de 12\"><figure class=\"swiper-slide-inner\"><img decoding=\"async\" class=\"swiper-slide-image\" src=\"https:\/\/www.cccraarchitecture.com\/wp-content\/uploads\/2024\/03\/IMDEA-1.jpg\" alt=\"IMDEA-1.jpg\" \/><\/figure><\/div><div class=\"swiper-slide\" role=\"group\" aria-roledescription=\"slide\" aria-label=\"3 de 12\"><figure class=\"swiper-slide-inner\"><img decoding=\"async\" class=\"swiper-slide-image\" src=\"https:\/\/www.cccraarchitecture.com\/wp-content\/uploads\/2024\/03\/CTR.jpg\" alt=\"CTR.jpg\" \/><\/figure><\/div><div class=\"swiper-slide\" role=\"group\" aria-roledescription=\"slide\" aria-label=\"4 de 12\"><figure class=\"swiper-slide-inner\"><img decoding=\"async\" class=\"swiper-slide-image\" src=\"https:\/\/www.cccraarchitecture.com\/wp-content\/uploads\/2024\/03\/LE-ROYAL-MANSOUR.jpg\" alt=\"LE-ROYAL-MANSOUR.jpg\" \/><\/figure><\/div><div class=\"swiper-slide\" role=\"group\" aria-roledescription=\"slide\" aria-label=\"5 de 12\"><figure class=\"swiper-slide-inner\"><img decoding=\"async\" class=\"swiper-slide-image\" src=\"https:\/\/www.cccraarchitecture.com\/wp-content\/uploads\/2024\/03\/PASITO-BLANCO-1-scaled-1.jpg\" alt=\"PASITO-BLANCO-1-scaled.jpg\" \/><\/figure><\/div><div class=\"swiper-slide\" role=\"group\" aria-roledescription=\"slide\" aria-label=\"6 de 12\"><figure class=\"swiper-slide-inner\"><img decoding=\"async\" class=\"swiper-slide-image\" src=\"https:\/\/www.cccraarchitecture.com\/wp-content\/uploads\/2024\/03\/FAIRMONT-TAZI-PALACE-1-2.png\" alt=\"FAIRMONT-TAZI-PALACE-1.png\" \/><\/figure><\/div><div class=\"swiper-slide\" role=\"group\" aria-roledescription=\"slide\" aria-label=\"7 de 12\"><figure class=\"swiper-slide-inner\"><img decoding=\"async\" class=\"swiper-slide-image\" src=\"https:\/\/www.cccraarchitecture.com\/wp-content\/uploads\/2024\/03\/CARUSEL-1_POOL-FACADE_2-1.png\" alt=\"CARUSEL-1_POOL-FACADE_2.png\" \/><\/figure><\/div><div class=\"swiper-slide\" role=\"group\" aria-roledescription=\"slide\" aria-label=\"8 de 12\"><figure class=\"swiper-slide-inner\"><img decoding=\"async\" class=\"swiper-slide-image\" src=\"https:\/\/www.cccraarchitecture.com\/wp-content\/uploads\/2024\/03\/CARUSEL-2_LOBBY_2-2.png\" alt=\"CARUSEL-2_LOBBY_2.png\" \/><\/figure><\/div><div class=\"swiper-slide\" role=\"group\" aria-roledescription=\"slide\" aria-label=\"9 de 12\"><figure class=\"swiper-slide-inner\"><img decoding=\"async\" class=\"swiper-slide-image\" src=\"https:\/\/www.cccraarchitecture.com\/wp-content\/uploads\/2024\/03\/CARUSEL-6_royal-mansour_49e9d45f_1280x794-2.jpg\" alt=\"CARUSEL-6_royal-mansour_49e9d45f_1280x794.jpg\" \/><\/figure><\/div><div class=\"swiper-slide\" role=\"group\" aria-roledescription=\"slide\" aria-label=\"10 de 12\"><figure class=\"swiper-slide-inner\"><img decoding=\"async\" class=\"swiper-slide-image\" src=\"https:\/\/www.cccraarchitecture.com\/wp-content\/uploads\/2024\/03\/CARRUSEL-1_N-04A-Lobby-Reception_115-2020-03-09_949-scaled-3.jpg\" alt=\"CARRUSEL-1_N-04A-Lobby-Reception_115-2020-03-09_949-scaled.jpg\" \/><\/figure><\/div><div class=\"swiper-slide\" role=\"group\" aria-roledescription=\"slide\" aria-label=\"11 de 12\"><figure class=\"swiper-slide-inner\"><img decoding=\"async\" class=\"swiper-slide-image\" src=\"https:\/\/www.cccraarchitecture.com\/wp-content\/uploads\/2024\/03\/05_Standard-Room-scaled-3.jpg\" alt=\"05_Standard-Room-scaled.jpg\" \/><\/figure><\/div><div class=\"swiper-slide\" role=\"group\" aria-roledescription=\"slide\" aria-label=\"12 de 12\"><figure class=\"swiper-slide-inner\"><img decoding=\"async\" class=\"swiper-slide-image\" src=\"https:\/\/www.cccraarchitecture.com\/wp-content\/uploads\/2024\/03\/CARRUSEL-1_pasiongolf-3.jpg\" alt=\"CARRUSEL-1_pasiongolf.jpg\" \/><\/figure><\/div>\t\t\t<\/div>\n\t\t\t\t\t\t\t\n\t\t\t\t\t\t\t\t\t<div class=\"swiper-pagination\"><\/div>\n\t\t\t\t\t\t\t\t\t<\/div>\n\t\t\t\t<\/div>\n\t\t\t\t<\/div>\n\t\t\t\t\t<\/div>\n\t\t<\/div>\n\t\t\t\t\t<\/div>\n\t\t<\/section>\n\t\t\t\t<section class=\"elementor-section elementor-top-section elementor-element elementor-element-da3f1d7 elementor-section-full_width elementor-section-stretched elementor-section-height-default elementor-section-height-default qodef-elementor-content-no\" data-id=\"da3f1d7\" data-element_type=\"section\" data-settings=\"{&quot;stretch_section&quot;:&quot;section-stretched&quot;,&quot;background_background&quot;:&quot;classic&quot;}\">\n\t\t\t\t\t\t<div class=\"elementor-container elementor-column-gap-default\">\n\t\t\t\t\t<div class=\"elementor-column elementor-col-100 elementor-top-column elementor-element elementor-element-f701c26\" data-id=\"f701c26\" data-element_type=\"column\">\n\t\t\t<div class=\"elementor-widget-wrap elementor-element-populated\">\n\t\t\t\t\t\t<section class=\"elementor-section elementor-inner-section elementor-element elementor-element-8281c55 elementor-section-boxed elementor-section-height-default elementor-section-height-default qodef-elementor-content-no\" data-id=\"8281c55\" data-element_type=\"section\">\n\t\t\t\t\t\t<div class=\"elementor-container elementor-column-gap-default\">\n\t\t\t\t\t<div class=\"elementor-column elementor-col-20 elementor-inner-column elementor-element elementor-element-d2dc314\" data-id=\"d2dc314\" data-element_type=\"column\">\n\t\t\t<div class=\"elementor-widget-wrap elementor-element-populated\">\n\t\t\t\t\t\t<div class=\"elementor-element elementor-element-083558b elementor-widget elementor-widget-heading\" data-id=\"083558b\" data-element_type=\"widget\" data-widget_type=\"heading.default\">\n\t\t\t\t<div class=\"elementor-widget-container\">\n\t\t\t<h2 class=\"elementor-heading-title elementor-size-default\">Compartir sue\u00f1os, construir experiencias<\/h2>\t\t<\/div>\n\t\t\t\t<\/div>\n\t\t\t\t<div class=\"elementor-element elementor-element-1f2b458 elementor-widget elementor-widget-text-editor\" data-id=\"1f2b458\" data-element_type=\"widget\" data-widget_type=\"text-editor.default\">\n\t\t\t\t<div class=\"elementor-widget-container\">\n\t\t\t\t\t\t\t<p>En la CCCRA compartimos los sue\u00f1os de nuestros clientes. Convertimos su visi\u00f3n o proyecto en NUESTRA visi\u00f3n. Desarrollamos cada proyecto en exclusiva, por lo que podemos ofrecerle la dedicaci\u00f3n y disponibilidad absoluta de todo el equipo para hacer realidad NUESTRO proyecto.<\/p>\n\t\t\t\t\t\t<\/div>\n\t\t\t\t<\/div>\n\t\t\t\t\t<\/div>\n\t\t<\/div>\n\t\t\t\t<div class=\"elementor-column elementor-col-20 elementor-inner-column elementor-element elementor-element-b8fa575\" data-id=\"b8fa575\" data-element_type=\"column\">\n\t\t\t<div class=\"elementor-widget-wrap\">\n\t\t\t\t\t\t\t<\/div>\n\t\t<\/div>\n\t\t\t\t<div class=\"elementor-column elementor-col-20 elementor-inner-column elementor-element elementor-element-76984fa\" data-id=\"76984fa\" data-element_type=\"column\">\n\t\t\t<div class=\"elementor-widget-wrap elementor-element-populated\">\n\t\t\t\t\t\t<div class=\"elementor-element elementor-element-1ccd076 elementor-align-center elementor-widget elementor-widget-button\" data-id=\"1ccd076\" data-element_type=\"widget\" data-widget_type=\"button.default\">\n\t\t\t\t<div class=\"elementor-widget-container\">\n\t\t\t\t\t<div class=\"elementor-button-wrapper\">\n\t\t\t<a class=\"elementor-button elementor-button-link elementor-size-sm\" href=\"https:\/\/www.cccraarchitecture.com\/es\/contacte-con-nosotros\/#contact-form\">\n\t\t\t\t\t\t<span class=\"elementor-button-content-wrapper\">\n\t\t\t\t\t\t<span class=\"elementor-button-text\">SOLICITAR UNA LLAMADA<\/span>\n\t\t<\/span>\n\t\t\t\t\t<\/a>\n\t\t<\/div>\n\t\t\t\t<\/div>\n\t\t\t\t<\/div>\n\t\t\t\t\t<\/div>\n\t\t<\/div>\n\t\t\t\t<div class=\"elementor-column elementor-col-20 elementor-inner-column elementor-element elementor-element-bb55c50 elementor-hidden-tablet\" data-id=\"bb55c50\" data-element_type=\"column\">\n\t\t\t<div class=\"elementor-widget-wrap\">\n\t\t\t\t\t\t\t<\/div>\n\t\t<\/div>\n\t\t\t\t<div class=\"elementor-column elementor-col-20 elementor-inner-column elementor-element elementor-element-9b6ddad elementor-hidden-tablet elementor-hidden-mobile\" data-id=\"9b6ddad\" data-element_type=\"column\">\n\t\t\t<div class=\"elementor-widget-wrap\">\n\t\t\t\t\t\t\t<\/div>\n\t\t<\/div>\n\t\t\t\t\t<\/div>\n\t\t<\/section>\n\t\t\t\t\t<\/div>\n\t\t<\/div>\n\t\t\t\t\t<\/div>\n\t\t<\/section>\n\t\t\t\t<\/div>\n\t\t","protected":false},"excerpt":{"rendered":"<p>NUESTRO M\u00c9TODO Dise\u00f1o a medida. Proceso \u00fanico. Dise\u00f1ar algo \u00fanico y extraordinario no puede basarse en ideas preconcebidas, ni en modas o tendencias que nos limitan. Los espacios se convierten en imposturas artificiales carentes de identidad y significado. Deber\u00eda ser al rev\u00e9s, y as\u00ed es como trabajamos.Cada lugar y cada proyecto son \u00fanicos y tienen [&hellip;]<\/p>\n","protected":false},"author":1,"featured_media":0,"parent":0,"menu_order":0,"comment_status":"closed","ping_status":"closed","template":"page-full-width.php","meta":{"footnotes":""},"class_list":["post-16006","page","type-page","status-publish","hentry"],"_links":{"self":[{"href":"https:\/\/www.cccraarchitecture.com\/es\/wp-json\/wp\/v2\/pages\/16006","targetHints":{"allow":["GET"]}}],"collection":[{"href":"https:\/\/www.cccraarchitecture.com\/es\/wp-json\/wp\/v2\/pages"}],"about":[{"href":"https:\/\/www.cccraarchitecture.com\/es\/wp-json\/wp\/v2\/types\/page"}],"author":[{"embeddable":true,"href":"https:\/\/www.cccraarchitecture.com\/es\/wp-json\/wp\/v2\/users\/1"}],"replies":[{"embeddable":true,"href":"https:\/\/www.cccraarchitecture.com\/es\/wp-json\/wp\/v2\/comments?post=16006"}],"version-history":[{"count":31,"href":"https:\/\/www.cccraarchitecture.com\/es\/wp-json\/wp\/v2\/pages\/16006\/revisions"}],"predecessor-version":[{"id":17930,"href":"https:\/\/www.cccraarchitecture.com\/es\/wp-json\/wp\/v2\/pages\/16006\/revisions\/17930"}],"wp:attachment":[{"href":"https:\/\/www.cccraarchitecture.com\/es\/wp-json\/wp\/v2\/media?parent=16006"}],"curies":[{"name":"wp","href":"https:\/\/api.w.org\/{rel}","templated":true}]}}